{"id":6857,"date":"2021-02-02T12:30:59","date_gmt":"2021-02-02T11:30:59","guid":{"rendered":"http:\/\/djarv.wpengine.com\/produkt\/import-placeholder-for-e-kb30\/"},"modified":"2026-04-16T22:03:13","modified_gmt":"2026-04-16T20:03:13","slug":"knife-blade","status":"publish","type":"product","link":"https:\/\/djarv.se\/en\/product\/knife-blade\/","title":{"rendered":"Knife blade"},"content":{"rendered":"<p>Our knife blades are delivered rough grinded, but apart from that they are exactly the same as the ones we glue into our handles when we sell them as complete carving knives.<\/p>\n<p>The blades are made out of tool steel, which is a carbon steel. It is forged as a solid and is not laminated. They are both hard and tough. They stay sharp for a long time and when they eventually get dull they are easy to grind and hone back into sharpness.<\/p>\n<p>We have 9 different blade sizes. The largest are 22\u00d7100, 25\u00d785 and 22\u00d775 mm. They are our allrounders. If you are more into wood carving a shorter blade might be more suitable, for example 20\u00d780, 16\u00d780, 16\u00d770, 17\u00d760, 16\u00d740 or 15\u00d750 mm.<\/p>\n<p>We also make even smaller blades but they are only sold as complete knives, our 11&#215;35 and 8&#215;50 mm. They are perfect for carving smaller things like wooden figures and you want to carve in places that are hard to reach into with a larger blade.<\/p>\n","protected":false},"excerpt":{"rendered":"<p>A range of knife blades in different sizes. We deliver them to you with a coarse grind.<\/p>\n","protected":false},"featured_media":2409,"template":"","meta":[],"product_brand":[],"product_cat":[33,702,622],"product_tag":[1779],"class_list":{"0":"post-6857","1":"product","2":"type-product","3":"status-publish","4":"has-post-thumbnail","6":"product_cat-knife","7":"product_cat-knife-blade","8":"product_cat-manufacturing-time-1","9":"product_tag-all","11":"first","12":"instock","13":"shipping-taxable","14":"purchasable","15":"product-type-variable"},"yoast_head":"<!-- This site is optimized with the Yoast SEO plugin v27.5 - https:\/\/yoast.com\/product\/yoast-seo-wordpress\/ -->\n<title>Knife blade - S. Dj\u00e4rv Hantverk AB<\/title>\n<meta name=\"robots\" content=\"index, follow, max-snippet:-1, max-image-preview:large, max-video-preview:-1\" \/>\n<link rel=\"canonical\" href=\"https:\/\/djarv.se\/en\/product\/knife-blade\/\" \/>\n<meta property=\"og:locale\" content=\"en_US\" \/>\n<meta property=\"og:type\" content=\"article\" \/>\n<meta property=\"og:title\" content=\"Knife blade - S. Dj\u00e4rv Hantverk AB\" \/>\n<meta property=\"og:description\" content=\"A range of knife blades in different sizes. We deliver them to you with a coarse grind.\" \/>\n<meta property=\"og:url\" content=\"https:\/\/djarv.se\/en\/product\/knife-blade\/\" \/>\n<meta property=\"og:site_name\" content=\"S. Dj\u00e4rv Hantverk AB\" \/>\n<meta property=\"article:publisher\" content=\"https:\/\/www.facebook.com\/djarvhantverk\" \/>\n<meta property=\"article:modified_time\" content=\"2026-04-16T20:03:13+00:00\" \/>\n<meta property=\"og:image\" content=\"https:\/\/djarv.se\/wp-content\/uploads\/a5-kb30-a-scaled.jpg\" \/>\n\t<meta property=\"og:image:width\" content=\"2560\" \/>\n\t<meta property=\"og:image:height\" content=\"2560\" \/>\n\t<meta property=\"og:image:type\" content=\"image\/jpeg\" \/>\n<meta name=\"twitter:card\" content=\"summary_large_image\" \/>\n<meta name=\"twitter:label1\" content=\"Est. reading time\" \/>\n\t<meta name=\"twitter:data1\" content=\"1 minute\" \/>\n<script type=\"application\/ld+json\" class=\"yoast-schema-graph\">{\"@context\":\"https:\\\/\\\/schema.org\",\"@graph\":[{\"@type\":\"WebPage\",\"@id\":\"https:\\\/\\\/djarv.se\\\/en\\\/product\\\/knife-blade\\\/\",\"url\":\"https:\\\/\\\/djarv.se\\\/en\\\/product\\\/knife-blade\\\/\",\"name\":\"Knife blade - S. Dj\u00e4rv Hantverk AB\",\"isPartOf\":{\"@id\":\"https:\\\/\\\/djarv.se\\\/en\\\/#website\"},\"primaryImageOfPage\":{\"@id\":\"https:\\\/\\\/djarv.se\\\/en\\\/product\\\/knife-blade\\\/#primaryimage\"},\"image\":{\"@id\":\"https:\\\/\\\/djarv.se\\\/en\\\/product\\\/knife-blade\\\/#primaryimage\"},\"thumbnailUrl\":\"https:\\\/\\\/djarv.se\\\/wp-content\\\/uploads\\\/a5-kb30-a-scaled.jpg\",\"datePublished\":\"2021-02-02T11:30:59+00:00\",\"dateModified\":\"2026-04-16T20:03:13+00:00\",\"breadcrumb\":{\"@id\":\"https:\\\/\\\/djarv.se\\\/en\\\/product\\\/knife-blade\\\/#breadcrumb\"},\"inLanguage\":\"en-US\",\"potentialAction\":[{\"@type\":\"ReadAction\",\"target\":[\"https:\\\/\\\/djarv.se\\\/en\\\/product\\\/knife-blade\\\/\"]}]},{\"@type\":\"ImageObject\",\"inLanguage\":\"en-US\",\"@id\":\"https:\\\/\\\/djarv.se\\\/en\\\/product\\\/knife-blade\\\/#primaryimage\",\"url\":\"https:\\\/\\\/djarv.se\\\/wp-content\\\/uploads\\\/a5-kb30-a-scaled.jpg\",\"contentUrl\":\"https:\\\/\\\/djarv.se\\\/wp-content\\\/uploads\\\/a5-kb30-a-scaled.jpg\",\"width\":2560,\"height\":2560},{\"@type\":\"BreadcrumbList\",\"@id\":\"https:\\\/\\\/djarv.se\\\/en\\\/product\\\/knife-blade\\\/#breadcrumb\",\"itemListElement\":[{\"@type\":\"ListItem\",\"position\":1,\"name\":\"Hem\",\"item\":\"https:\\\/\\\/djarv.se\\\/en\\\/\"},{\"@type\":\"ListItem\",\"position\":2,\"name\":\"Shop\",\"item\":\"https:\\\/\\\/djarv.se\\\/en\\\/shop\\\/\"},{\"@type\":\"ListItem\",\"position\":3,\"name\":\"Knife blade\"}]},{\"@type\":\"WebSite\",\"@id\":\"https:\\\/\\\/djarv.se\\\/en\\\/#website\",\"url\":\"https:\\\/\\\/djarv.se\\\/en\\\/\",\"name\":\"S. Dj\u00e4rv Hantverk AB\",\"description\":\"Hand forged tools for wood carving\",\"publisher\":{\"@id\":\"https:\\\/\\\/djarv.se\\\/en\\\/#organization\"},\"potentialAction\":[{\"@type\":\"SearchAction\",\"target\":{\"@type\":\"EntryPoint\",\"urlTemplate\":\"https:\\\/\\\/djarv.se\\\/en\\\/?s={search_term_string}\"},\"query-input\":{\"@type\":\"PropertyValueSpecification\",\"valueRequired\":true,\"valueName\":\"search_term_string\"}}],\"inLanguage\":\"en-US\"},{\"@type\":\"Organization\",\"@id\":\"https:\\\/\\\/djarv.se\\\/en\\\/#organization\",\"name\":\"S. Dj\u00e4rv Hantverk AB\",\"url\":\"https:\\\/\\\/djarv.se\\\/en\\\/\",\"logo\":{\"@type\":\"ImageObject\",\"inLanguage\":\"en-US\",\"@id\":\"https:\\\/\\\/djarv.se\\\/en\\\/#\\\/schema\\\/logo\\\/image\\\/\",\"url\":\"https:\\\/\\\/djarv.se\\\/wp-content\\\/uploads\\\/osdj-1571-scaled.jpg\",\"contentUrl\":\"https:\\\/\\\/djarv.se\\\/wp-content\\\/uploads\\\/osdj-1571-scaled.jpg\",\"width\":2560,\"height\":1707,\"caption\":\"S. Dj\u00e4rv Hantverk AB\"},\"image\":{\"@id\":\"https:\\\/\\\/djarv.se\\\/en\\\/#\\\/schema\\\/logo\\\/image\\\/\"},\"sameAs\":[\"https:\\\/\\\/www.facebook.com\\\/djarvhantverk\",\"https:\\\/\\\/www.instagram.com\\\/svante.djarv\"]}]}<\/script>\n<!-- \/ Yoast SEO plugin. -->","yoast_head_json":{"title":"Knife blade - S. Dj\u00e4rv Hantverk AB","robots":{"index":"index","follow":"follow","max-snippet":"max-snippet:-1","max-image-preview":"max-image-preview:large","max-video-preview":"max-video-preview:-1"},"canonical":"https:\/\/djarv.se\/en\/product\/knife-blade\/","og_locale":"en_US","og_type":"article","og_title":"Knife blade - S. Dj\u00e4rv Hantverk AB","og_description":"A range of knife blades in different sizes. We deliver them to you with a coarse grind.","og_url":"https:\/\/djarv.se\/en\/product\/knife-blade\/","og_site_name":"S. Dj\u00e4rv Hantverk AB","article_publisher":"https:\/\/www.facebook.com\/djarvhantverk","article_modified_time":"2026-04-16T20:03:13+00:00","og_image":[{"width":2560,"height":2560,"url":"https:\/\/djarv.se\/wp-content\/uploads\/a5-kb30-a-scaled.jpg","type":"image\/jpeg"}],"twitter_card":"summary_large_image","twitter_misc":{"Est. reading time":"1 minute"},"schema":{"@context":"https:\/\/schema.org","@graph":[{"@type":"WebPage","@id":"https:\/\/djarv.se\/en\/product\/knife-blade\/","url":"https:\/\/djarv.se\/en\/product\/knife-blade\/","name":"Knife blade - S. Dj\u00e4rv Hantverk AB","isPartOf":{"@id":"https:\/\/djarv.se\/en\/#website"},"primaryImageOfPage":{"@id":"https:\/\/djarv.se\/en\/product\/knife-blade\/#primaryimage"},"image":{"@id":"https:\/\/djarv.se\/en\/product\/knife-blade\/#primaryimage"},"thumbnailUrl":"https:\/\/djarv.se\/wp-content\/uploads\/a5-kb30-a-scaled.jpg","datePublished":"2021-02-02T11:30:59+00:00","dateModified":"2026-04-16T20:03:13+00:00","breadcrumb":{"@id":"https:\/\/djarv.se\/en\/product\/knife-blade\/#breadcrumb"},"inLanguage":"en-US","potentialAction":[{"@type":"ReadAction","target":["https:\/\/djarv.se\/en\/product\/knife-blade\/"]}]},{"@type":"ImageObject","inLanguage":"en-US","@id":"https:\/\/djarv.se\/en\/product\/knife-blade\/#primaryimage","url":"https:\/\/djarv.se\/wp-content\/uploads\/a5-kb30-a-scaled.jpg","contentUrl":"https:\/\/djarv.se\/wp-content\/uploads\/a5-kb30-a-scaled.jpg","width":2560,"height":2560},{"@type":"BreadcrumbList","@id":"https:\/\/djarv.se\/en\/product\/knife-blade\/#breadcrumb","itemListElement":[{"@type":"ListItem","position":1,"name":"Hem","item":"https:\/\/djarv.se\/en\/"},{"@type":"ListItem","position":2,"name":"Shop","item":"https:\/\/djarv.se\/en\/shop\/"},{"@type":"ListItem","position":3,"name":"Knife blade"}]},{"@type":"WebSite","@id":"https:\/\/djarv.se\/en\/#website","url":"https:\/\/djarv.se\/en\/","name":"S. Dj\u00e4rv Hantverk AB","description":"Hand forged tools for wood carving","publisher":{"@id":"https:\/\/djarv.se\/en\/#organization"},"potentialAction":[{"@type":"SearchAction","target":{"@type":"EntryPoint","urlTemplate":"https:\/\/djarv.se\/en\/?s={search_term_string}"},"query-input":{"@type":"PropertyValueSpecification","valueRequired":true,"valueName":"search_term_string"}}],"inLanguage":"en-US"},{"@type":"Organization","@id":"https:\/\/djarv.se\/en\/#organization","name":"S. Dj\u00e4rv Hantverk AB","url":"https:\/\/djarv.se\/en\/","logo":{"@type":"ImageObject","inLanguage":"en-US","@id":"https:\/\/djarv.se\/en\/#\/schema\/logo\/image\/","url":"https:\/\/djarv.se\/wp-content\/uploads\/osdj-1571-scaled.jpg","contentUrl":"https:\/\/djarv.se\/wp-content\/uploads\/osdj-1571-scaled.jpg","width":2560,"height":1707,"caption":"S. Dj\u00e4rv Hantverk AB"},"image":{"@id":"https:\/\/djarv.se\/en\/#\/schema\/logo\/image\/"},"sameAs":["https:\/\/www.facebook.com\/djarvhantverk","https:\/\/www.instagram.com\/svante.djarv"]}]}},"jetpack_sharing_enabled":true,"_links":{"self":[{"href":"https:\/\/djarv.se\/en\/wp-json\/wp\/v2\/product\/6857","targetHints":{"allow":["GET"]}}],"collection":[{"href":"https:\/\/djarv.se\/en\/wp-json\/wp\/v2\/product"}],"about":[{"href":"https:\/\/djarv.se\/en\/wp-json\/wp\/v2\/types\/product"}],"wp:featuredmedia":[{"embeddable":true,"href":"https:\/\/djarv.se\/en\/wp-json\/wp\/v2\/media\/2409"}],"wp:attachment":[{"href":"https:\/\/djarv.se\/en\/wp-json\/wp\/v2\/media?parent=6857"}],"wp:term":[{"taxonomy":"product_brand","embeddable":true,"href":"https:\/\/djarv.se\/en\/wp-json\/wp\/v2\/product_brand?post=6857"},{"taxonomy":"product_cat","embeddable":true,"href":"https:\/\/djarv.se\/en\/wp-json\/wp\/v2\/product_cat?post=6857"},{"taxonomy":"product_tag","embeddable":true,"href":"https:\/\/djarv.se\/en\/wp-json\/wp\/v2\/product_tag?post=6857"}],"curies":[{"name":"wp","href":"https:\/\/api.w.org\/{rel}","templated":true}]}}